{"id":2,"date":"2025-09-27T10:59:14","date_gmt":"2025-09-27T10:59:14","guid":{"rendered":"https:\/\/palorinne.com\/?page_id=2"},"modified":"2025-09-27T12:23:50","modified_gmt":"2025-09-27T12:23:50","slug":"sample-page","status":"publish","type":"page","link":"https:\/\/palorinne.com\/","title":{"rendered":"Projektinjohto Palorinne Oy"},"content":{"rendered":"\n<div class=\"wp-block-group alignwide is-content-justification-space-between is-nowrap is-layout-flex wp-container-core-group-is-layout-ad07152f wp-block-group-is-layout-flex\" style=\"padding-top:var(--wp--preset--spacing--40);padding-bottom:var(--wp--preset--spacing--60)\">\n<div class=\"wp-block-group has-global-padding is-layout-constrained wp-container-core-group-is-layout-7e49ac6c wp-block-group-is-layout-constrained\" style=\"padding-top:0;padding-right:0;padding-bottom:0;padding-left:0\">\n\n<h3 class=\"wp-block-site-tagline\">y-tunnus 2707502-9<\/h3><\/div>\n\n\n<div class=\"is-default-size wp-block-site-logo\"><a href=\"https:\/\/palorinne.com\/\" class=\"custom-logo-link\" rel=\"home\"><img loading=\"lazy\" decoding=\"async\" width=\"1179\" height=\"1179\" src=\"https:\/\/palorinne.com\/wp-content\/uploads\/2025\/09\/PJP-logo.jpeg\" class=\"custom-logo\" alt=\"\" srcset=\"https:\/\/palorinne.com\/wp-content\/uploads\/2025\/09\/PJP-logo.jpeg 1179w, https:\/\/palorinne.com\/wp-content\/uploads\/2025\/09\/PJP-logo-300x300.jpeg 300w, https:\/\/palorinne.com\/wp-content\/uploads\/2025\/09\/PJP-logo-1024x1024.jpeg 1024w, https:\/\/palorinne.com\/wp-content\/uploads\/2025\/09\/PJP-logo-150x150.jpeg 150w, https:\/\/palorinne.com\/wp-content\/uploads\/2025\/09\/PJP-logo-768x768.jpeg 768w\" sizes=\"auto, (max-width: 1179px) 100vw, 1179px\" \/><\/a><\/div><\/div>\n\n\n\n<div class=\"wp-block-group alignfull is-style-default has-global-padding is-layout-constrained wp-block-group-is-layout-constrained\" style=\"margin-top:0;margin-bottom:0;padding-top:var(--wp--preset--spacing--80);padding-bottom:var(--wp--preset--spacing--80)\">\n<div class=\"wp-block-columns alignwide is-layout-flex wp-container-core-columns-is-layout-66fad18a wp-block-columns-is-layout-flex\">\n<div class=\"wp-block-column is-layout-flow wp-block-column-is-layout-flow\" style=\"padding-right:var(--wp--preset--spacing--50);flex-basis:45%\">\n<figure class=\"wp-block-gallery has-nested-images columns-default is-cropped wp-block-gallery-1 is-layout-flex wp-block-gallery-is-layout-flex\">\n<figure class=\"wp-block-image size-full\"><img loading=\"lazy\" decoding=\"async\" width=\"1043\" height=\"781\" data-id=\"13\" src=\"https:\/\/palorinne.com\/wp-content\/uploads\/2025\/09\/Espoo.webp\" alt=\"\" class=\"wp-image-13\" srcset=\"https:\/\/palorinne.com\/wp-content\/uploads\/2025\/09\/Espoo.webp 1043w, https:\/\/palorinne.com\/wp-content\/uploads\/2025\/09\/Espoo-300x225.webp 300w, https:\/\/palorinne.com\/wp-content\/uploads\/2025\/09\/Espoo-1024x767.webp 1024w, https:\/\/palorinne.com\/wp-content\/uploads\/2025\/09\/Espoo-768x575.webp 768w\" sizes=\"auto, (max-width: 1043px) 100vw, 1043px\" \/><\/figure>\n<\/figure>\n\n\n\n<div class=\"wp-block-group has-global-padding is-layout-constrained wp-block-group-is-layout-constrained\" style=\"margin-top:-12vw\">\n<figure class=\"wp-block-image alignright size-full is-resized\" style=\"margin-right:-5vw;margin-left:-5vw\"><img loading=\"lazy\" decoding=\"async\" width=\"734\" height=\"550\" src=\"https:\/\/palorinne.com\/wp-content\/uploads\/2025\/09\/image003-2.webp\" alt=\"\" class=\"wp-image-14\" style=\"width:283px;height:auto\" srcset=\"https:\/\/palorinne.com\/wp-content\/uploads\/2025\/09\/image003-2.webp 734w, https:\/\/palorinne.com\/wp-content\/uploads\/2025\/09\/image003-2-300x225.webp 300w\" sizes=\"auto, (max-width: 734px) 100vw, 734px\" \/><\/figure>\n<\/div>\n<\/div>\n\n\n\n<div class=\"wp-block-column is-vertically-aligned-center is-layout-flow wp-block-column-is-layout-flow\" style=\"padding-right:0;padding-left:0;flex-basis:50%\">\n<div class=\"wp-block-group is-vertical is-layout-flex wp-container-core-group-is-layout-fe9cc265 wp-block-group-is-layout-flex\">\n<h2 class=\"wp-block-heading is-style-text-annotation is-style-text-annotation--2\">Tietoa meist\u00e4<\/h2>\n<\/div>\n\n\n\n<p class=\"is-style-text-subtitle is-style-text-subtitle--3\">Projektinjohto Palorinne Oy on rakennuttajapalveluihin erikoistunut yritys, joka tarjoaa laaja-alaisia palveluita rakennusprojektien johtamiseen ja hallintaan. <\/p>\n\n\n\n<p class=\"is-style-text-subtitle is-style-text-subtitle--4\">Palvelumme kattavat koko rakennusprojektin elinkaaren alusta loppuun saakka. Huolehdimme projektien sujuvasta etenemisest\u00e4, resurssien ja aikataulun hallinnasta sek\u00e4 ty\u00f6n laadusta. <\/p>\n<\/div>\n<\/div>\n<\/div>\n\n\n\n<div class=\"wp-block-group alignfull has-global-padding is-layout-constrained wp-container-core-group-is-layout-ebee8dc1 wp-block-group-is-layout-constrained\" style=\"margin-top:0;margin-bottom:0;padding-top:var(--wp--preset--spacing--50);padding-bottom:var(--wp--preset--spacing--50)\">\n<h2 class=\"wp-block-heading alignwide\">Palvelut<\/h2>\n\n\n\n<div class=\"wp-block-columns alignwide is-layout-flex wp-container-core-columns-is-layout-28f84493 wp-block-columns-is-layout-flex\">\n<div class=\"wp-block-column is-layout-flow wp-block-column-is-layout-flow\">\n<figure class=\"wp-block-image size-full\" style=\"margin-bottom:24px\"><img loading=\"lazy\" decoding=\"async\" width=\"707\" height=\"523\" src=\"https:\/\/palorinne.com\/wp-content\/uploads\/2025\/09\/image001-2.jpg\" alt=\"\" class=\"wp-image-16\" style=\"aspect-ratio:4\/3;object-fit:cover\" srcset=\"https:\/\/palorinne.com\/wp-content\/uploads\/2025\/09\/image001-2.jpg 707w, https:\/\/palorinne.com\/wp-content\/uploads\/2025\/09\/image001-2-300x222.jpg 300w\" sizes=\"auto, (max-width: 707px) 100vw, 707px\" \/><\/figure>\n\n\n\n<h3 class=\"wp-block-heading\">Projektinjohtopalvelut<\/h3>\n\n\n\n<ul class=\"wp-block-list\">\n<li>Ty\u00f6njohto<\/li>\n\n\n\n<li>Vastaava mestari<\/li>\n\n\n\n<li>Ty\u00f6njohtajan neuvonta<\/li>\n\n\n\n<li>Ty\u00f6nseuranta<\/li>\n\n\n\n<li>Katselmukset<\/li>\n\n\n\n<li>Viranomaiskatselmukset<\/li>\n<\/ul>\n<\/div>\n\n\n\n<div class=\"wp-block-column is-layout-flow wp-block-column-is-layout-flow\">\n<figure class=\"wp-block-image size-full\" style=\"margin-bottom:24px\"><img loading=\"lazy\" decoding=\"async\" width=\"604\" height=\"453\" src=\"https:\/\/palorinne.com\/wp-content\/uploads\/2025\/09\/x_b79cbbf4-2.jpg\" alt=\"\" class=\"wp-image-17\" style=\"aspect-ratio:4\/3;object-fit:cover\" srcset=\"https:\/\/palorinne.com\/wp-content\/uploads\/2025\/09\/x_b79cbbf4-2.jpg 604w, https:\/\/palorinne.com\/wp-content\/uploads\/2025\/09\/x_b79cbbf4-2-300x225.jpg 300w\" sizes=\"auto, (max-width: 604px) 100vw, 604px\" \/><\/figure>\n\n\n\n<h3 class=\"wp-block-heading\">Suunnittelu ja hankinnat<\/h3>\n\n\n\n<ul class=\"wp-block-list\">\n<li>Suunnitteluttamisen ty\u00f6t<\/li>\n\n\n\n<li>Rakennuttajan palvelu <\/li>\n\n\n\n<li>Urakoitsijan kilpailuttaminen<\/li>\n\n\n\n<li>Urakkasopimuksen tekeminen<\/li>\n<\/ul>\n<\/div>\n\n\n\n<div class=\"wp-block-column is-layout-flow wp-block-column-is-layout-flow\">\n<figure class=\"wp-block-image size-full\" style=\"margin-bottom:24px\"><img loading=\"lazy\" decoding=\"async\" width=\"604\" height=\"453\" src=\"https:\/\/palorinne.com\/wp-content\/uploads\/2025\/09\/x_a6a892c5-2.webp\" alt=\"\" class=\"wp-image-18\" style=\"aspect-ratio:4\/3;object-fit:cover\" srcset=\"https:\/\/palorinne.com\/wp-content\/uploads\/2025\/09\/x_a6a892c5-2.webp 604w, https:\/\/palorinne.com\/wp-content\/uploads\/2025\/09\/x_a6a892c5-2-300x225.webp 300w\" sizes=\"auto, (max-width: 604px) 100vw, 604px\" \/><\/figure>\n\n\n\n<h3 class=\"wp-block-heading\">Kustannukset ja dokumentointi<\/h3>\n\n\n\n<ul class=\"wp-block-list\">\n<li>Kustannusseuranta<\/li>\n\n\n\n<li>M\u00e4\u00e4r\u00e4laskenta<\/li>\n\n\n\n<li>Hinta-arvio<\/li>\n\n\n\n<li>Dokumentaatio<\/li>\n\n\n\n<li>Loppudokumentaatio<\/li>\n<\/ul>\n<\/div>\n<\/div>\n<\/div>\n\n\n\n<div class=\"wp-block-group alignfull has-global-padding is-layout-constrained wp-container-core-group-is-layout-08655630 wp-block-group-is-layout-constrained\" style=\"margin-top:0;margin-bottom:0;padding-top:var(--wp--preset--spacing--80);padding-bottom:var(--wp--preset--spacing--80)\">\n<div class=\"wp-block-group alignwide is-layout-flow wp-block-group-is-layout-flow\">\n<p class=\"has-text-align-center is-style-text-display is-style-text-display--5\" style=\"font-style:normal;font-weight:400\">Kysymyksi\u00e4? <br><a href=\"#\" rel=\"nofollow\">Ota yhteytt\u00e4.<\/a><\/p>\n\n\n\n<div style=\"height:var(--wp--preset--spacing--40)\" aria-hidden=\"true\" class=\"wp-block-spacer\"><\/div>\n\n\n\n<ul class=\"wp-block-social-links has-icon-color is-style-logos-only is-content-justification-center is-layout-flex wp-container-core-social-links-is-layout-a89b3969 wp-block-social-links-is-layout-flex\"><li class=\"wp-social-link wp-social-link-linkedin has-contrast-color wp-block-social-link\"><a href=\"https:\/\/www.linkedin.com\/company\/pjp-oy\" class=\"wp-block-social-link-anchor\"><svg width=\"24\" height=\"24\" viewBox=\"0 0 24 24\" version=\"1.1\" xmlns=\"http:\/\/www.w3.org\/2000\/svg\" aria-hidden=\"true\" focusable=\"false\"><path d=\"M19.7,3H4.3C3.582,3,3,3.582,3,4.3v15.4C3,20.418,3.582,21,4.3,21h15.4c0.718,0,1.3-0.582,1.3-1.3V4.3 C21,3.582,20.418,3,19.7,3z M8.339,18.338H5.667v-8.59h2.672V18.338z M7.004,8.574c-0.857,0-1.549-0.694-1.549-1.548 c0-0.855,0.691-1.548,1.549-1.548c0.854,0,1.547,0.694,1.547,1.548C8.551,7.881,7.858,8.574,7.004,8.574z M18.339,18.338h-2.669 v-4.177c0-0.996-0.017-2.278-1.387-2.278c-1.389,0-1.601,1.086-1.601,2.206v4.249h-2.667v-8.59h2.559v1.174h0.037 c0.356-0.675,1.227-1.387,2.526-1.387c2.703,0,3.203,1.779,3.203,4.092V18.338z\"><\/path><\/svg><span class=\"wp-block-social-link-label screen-reader-text\">LinkedIn<\/span><\/a><\/li>\n\n<li class=\"wp-social-link wp-social-link-mail has-contrast-color wp-block-social-link\"><a href=\"mailto:&#116;ap&#097;&#110;i&#046;p&#097;l&#111;&#114;&#105;nn&#101;&#064;p&#097;l&#111;&#114;i&#110;n&#101;.c&#111;&#109;\" class=\"wp-block-social-link-anchor\"><svg width=\"24\" height=\"24\" viewBox=\"0 0 24 24\" version=\"1.1\" xmlns=\"http:\/\/www.w3.org\/2000\/svg\" aria-hidden=\"true\" focusable=\"false\"><path d=\"M19,5H5c-1.1,0-2,.9-2,2v10c0,1.1.9,2,2,2h14c1.1,0,2-.9,2-2V7c0-1.1-.9-2-2-2zm.5,12c0,.3-.2.5-.5.5H5c-.3,0-.5-.2-.5-.5V9.8l7.5,5.6,7.5-5.6V17zm0-9.1L12,13.6,4.5,7.9V7c0-.3.2-.5.5-.5h14c.3,0,.5.2.5.5v.9z\"><\/path><\/svg><span class=\"wp-block-social-link-label screen-reader-text\">Mail<\/span><\/a><\/li>\n\n<li class=\"wp-social-link wp-social-link-facebook has-contrast-color wp-block-social-link\"><a href=\"https:\/\/www.facebook.com\/\" class=\"wp-block-social-link-anchor\"><svg width=\"24\" height=\"24\" viewBox=\"0 0 24 24\" version=\"1.1\" xmlns=\"http:\/\/www.w3.org\/2000\/svg\" aria-hidden=\"true\" focusable=\"false\"><path d=\"M12 2C6.5 2 2 6.5 2 12c0 5 3.7 9.1 8.4 9.9v-7H7.9V12h2.5V9.8c0-2.5 1.5-3.9 3.8-3.9 1.1 0 2.2.2 2.2.2v2.5h-1.3c-1.2 0-1.6.8-1.6 1.6V12h2.8l-.4 2.9h-2.3v7C18.3 21.1 22 17 22 12c0-5.5-4.5-10-10-10z\"><\/path><\/svg><span class=\"wp-block-social-link-label screen-reader-text\">Facebook<\/span><\/a><\/li><\/ul>\n<\/div>\n<\/div>\n\n\n\n<p class=\"is-style-text-annotation is-style-text-annotation--6\">y-tunnus 2707502-9<\/p>\n\n\n\n<p><\/p>\n\n\n\n<div class=\"wp-block-group alignfull has-contrast-color has-text-color has-link-color wp-elements-78283734a03f29f54aeda0a1a02c53f4 has-global-padding is-layout-constrained wp-container-core-group-is-layout-23b1a4dc wp-block-group-is-layout-constrained\" style=\"padding-top:var(--wp--preset--spacing--30);padding-right:var(--wp--preset--spacing--30);padding-bottom:var(--wp--preset--spacing--30);padding-left:var(--wp--preset--spacing--30)\"><\/div>\n\n\n\n<div class=\"wp-block-group has-global-padding is-layout-constrained wp-block-group-is-layout-constrained\"><\/div>\n","protected":false},"excerpt":{"rendered":"<p>Tietoa meist\u00e4 Projektinjohto Palorinne Oy on rakennuttajapalveluihin erikoistunut yritys, joka tarjoaa laaja-alaisia palveluita rakennusprojektien johtamiseen ja hallintaan. Palvelumme kattavat koko rakennusprojektin elinkaaren alusta loppuun saakka. Huolehdimme projektien sujuvasta etenemisest\u00e4, resurssien ja aikataulun hallinnasta sek\u00e4 ty\u00f6n laadusta. Palvelut Projektinjohtopalvelut Suunnittelu ja hankinnat Kustannukset ja dokumentointi Kysymyksi\u00e4? Ota yhteytt\u00e4. y-tunnus 2707502-9<\/p>\n","protected":false},"author":1,"featured_media":0,"parent":0,"menu_order":0,"comment_status":"closed","ping_status":"open","template":"","meta":{"footnotes":""},"class_list":["post-2","page","type-page","status-publish","hentry"],"_links":{"self":[{"href":"https:\/\/palorinne.com\/index.php\/wp-json\/wp\/v2\/pages\/2","targetHints":{"allow":["GET"]}}],"collection":[{"href":"https:\/\/palorinne.com\/index.php\/wp-json\/wp\/v2\/pages"}],"about":[{"href":"https:\/\/palorinne.com\/index.php\/wp-json\/wp\/v2\/types\/page"}],"author":[{"embeddable":true,"href":"https:\/\/palorinne.com\/index.php\/wp-json\/wp\/v2\/users\/1"}],"replies":[{"embeddable":true,"href":"https:\/\/palorinne.com\/index.php\/wp-json\/wp\/v2\/comments?post=2"}],"version-history":[{"count":8,"href":"https:\/\/palorinne.com\/index.php\/wp-json\/wp\/v2\/pages\/2\/revisions"}],"predecessor-version":[{"id":29,"href":"https:\/\/palorinne.com\/index.php\/wp-json\/wp\/v2\/pages\/2\/revisions\/29"}],"wp:attachment":[{"href":"https:\/\/palorinne.com\/index.php\/wp-json\/wp\/v2\/media?parent=2"}],"curies":[{"name":"wp","href":"https:\/\/api.w.org\/{rel}","templated":true}]}}